{"id":257,"date":"2021-01-05T17:19:18","date_gmt":"2021-01-05T16:19:18","guid":{"rendered":"https:\/\/www.base-nautique-beaucaire.fr\/?page_id=257"},"modified":"2022-03-02T10:25:27","modified_gmt":"2022-03-02T09:25:27","slug":"lhistoire-de-la-base-nautique","status":"publish","type":"page","link":"https:\/\/www.base-nautique-beaucaire.fr\/index.php\/lhistoire-de-la-base-nautique\/","title":{"rendered":"La base nautique"},"content":{"rendered":"<p>Situ\u00e9e dans le <strong>sud de la France<\/strong>, en r\u00e9gion Occitanie et dans le d\u00e9partement du Gard, Beaucaire est une ville moyenne de 16\u00a0000 habitants au c\u0153ur du triangle d\u2019or que forment <strong>N\u00eemes, Arles et Avignon<\/strong>.<\/p>\n<p>&nbsp;<\/p>\n<p>Beaucaire, ville d\u2019Art et d\u2019Histoire est aussi une <strong>ville sportive<\/strong> avec un tissu associatif local dense qui propose un panel d\u2019activit\u00e9s multiples et vari\u00e9es\u00a0: tennis, base-ball, gymnastique, football, handball, foot en salle, tir \u00e0 l\u2019arc, rugby, p\u00e9tanque et jeu proven\u00e7al de boules, athl\u00e9tisme, cyclisme, courses camarguaises. Les infrastructures sont adapt\u00e9es dont une base nautique avec un <strong>plan d\u2019eau ferm\u00e9 \u00e0 la navigation sur le fleuve Rh\u00f4ne <\/strong>pour la pratique de la voile, du paddle mais surtout de l\u2019aviron avec <strong>un club formateur qui dispense une technique de rame qui a fait ses preuves avec la formation d\u2019Adrien Hardy, champion olympique.<\/strong><\/p>\n<p>&nbsp;<\/p>\n<p>Construite en 1989, le base nautique de Beaucaire a accueilli les <strong>Jeux m\u00e9dit\u00e9rrann\u00e9ens de 1993<\/strong>. L\u2019\u00e9quipe am\u00e9ricaine d\u2019aviron en a fait son centre d\u2019entrainement pour se pr\u00e9parer aux <strong>JO de Barcelone de 1992<\/strong>. La base nautique accueille r\u00e9guli\u00e8rement des \u00e9quipes \u00e9trang\u00e8res en stage d\u2019entrainement, en collaboration avec le club d\u2019Aviron Beaucaire (Su\u00e8de, Allemagne). Son plan d\u2019eau ferm\u00e9 \u00e0 la navigation de <strong>plus de 4 km de long<\/strong>, en fait un lieu exceptionnel, pour pr\u00e9parer des \u00e9ch\u00e9ances internationales.<\/p>\n<p>&nbsp;<\/p>\n<p>Situ\u00e9 dans un poumon vert de la ville, la base nautique est fr\u00e9quent\u00e9e par <strong>350 \u00e9l\u00e8ves du primaire par an<\/strong>, qui viennet d\u00e9couvrir la navigation sur Catamaran. Cette encadrement est dispens\u00e9 par <strong>St\u00e9phanie Chantry<\/strong> (ETPAS pour la ville) mais \u00e9galement <strong>championne d\u2019Aviron de Mer<\/strong>.<\/p>\n<p>L\u2019\u00e9cole de voile encadre <strong>250 enfants en stage<\/strong> ou issus de structure associative locale.<\/p>\n<p>&nbsp;<\/p>\n<p>Le club d\u2019aviron de Beaucaire est en plein essor, il compte pr\u00e8s de <strong>160 licenci\u00e9s<\/strong> en son sein sans compter les <strong>2500 \u00e9l\u00e8ves<\/strong> initi\u00e9s par le programme \u00ab\u00a0Rame en 5<sup>\u00e8me<\/sup>\u00a0\u00bb dans les coll\u00e8ges du secteur.<\/p>\n<p>&nbsp;<\/p>\n<p>Cette position forte d\u2019acteur sportif du territoire est mise en valeur chaque ann\u00e9e lors de la <strong>\u00ab\u00a0F\u00eate du nautisme\u00a0\u00bb<\/strong> qui met en avant les associations r\u00e9sidentes (aviron, voile, p\u00eache, cerf volant), mais aussi d\u00e9couvrir des activit\u00e9s nouvelles ou des d\u00e9marches \u00e9co-responsables.<\/p>\n<p>&nbsp;<\/p>\n<p>La <strong>base nautique<\/strong> fait l\u2019objet d\u2019un projet de r\u00e9habilitation compl\u00e8te et d\u2019extension, l\u2019objectif est de disposer d\u2019infrastructures modernes et neuves afin de <strong>r\u00e9pondre aux<\/strong> <strong>exigences du plus haut niveau<\/strong>, optimiser la pratique et donner acc\u00e8s \u00e0 un lieu <strong>facilitant la performance.<\/strong><\/p>\n<p><strong>\u00a0<\/strong><\/p>\n<p>Sa situation g\u00e9ographique est au c\u0153ur d\u2019un environnement naturel et am\u00e9nag\u00e9 pour les familles (pique-nique, air de jeu, parcours de sant\u00e9, \u2026)\u00a0 \u00e0 proximit\u00e9 de lieux de restauration, de d\u00e9tente et culturels.<\/p>\n<p>&nbsp;<\/p>\n<p>Ses acc\u00e8s, a\u00e9riens, routiers ou par les rails sont modernes et faciles. Le climat est favorable \u00e0 la pratique sportive dans des <strong>conditions id\u00e9ales<\/strong>.<\/p>\n","protected":false},"excerpt":{"rendered":"<p>Situ\u00e9e dans le sud de la France, en r\u00e9gion Occitanie et dans le d\u00e9partement du Gard, Beaucaire est une ville moyenne de 16\u00a0000 habitants au c\u0153ur du triangle d\u2019or que forment N\u00eemes, Arles et Avignon. &nbsp; Beaucaire, ville d\u2019Art et d\u2019Histoire est aussi une ville sportive avec un tissu associatif local dense qui propose un [&hellip;]<\/p>\n","protected":false},"author":4,"featured_media":0,"parent":0,"menu_order":0,"comment_status":"closed","ping_status":"closed","template":"","meta":[],"_links":{"self":[{"href":"https:\/\/www.base-nautique-beaucaire.fr\/index.php\/wp-json\/wp\/v2\/pages\/257"}],"collection":[{"href":"https:\/\/www.base-nautique-beaucaire.fr\/index.php\/wp-json\/wp\/v2\/pages"}],"about":[{"href":"https:\/\/www.base-nautique-beaucaire.fr\/index.php\/wp-json\/wp\/v2\/types\/page"}],"author":[{"embeddable":true,"href":"https:\/\/www.base-nautique-beaucaire.fr\/index.php\/wp-json\/wp\/v2\/users\/4"}],"replies":[{"embeddable":true,"href":"https:\/\/www.base-nautique-beaucaire.fr\/index.php\/wp-json\/wp\/v2\/comments?post=257"}],"version-history":[{"count":4,"href":"https:\/\/www.base-nautique-beaucaire.fr\/index.php\/wp-json\/wp\/v2\/pages\/257\/revisions"}],"predecessor-version":[{"id":332,"href":"https:\/\/www.base-nautique-beaucaire.fr\/index.php\/wp-json\/wp\/v2\/pages\/257\/revisions\/332"}],"wp:attachment":[{"href":"https:\/\/www.base-nautique-beaucaire.fr\/index.php\/wp-json\/wp\/v2\/media?parent=257"}],"curies":[{"name":"wp","href":"https:\/\/api.w.org\/{rel}","templated":true}]}}